{"id":25249,"date":"2024-06-17T16:43:31","date_gmt":"2024-06-17T15:43:31","guid":{"rendered":"https:\/\/innaleitner.com\/testimonials\/"},"modified":"2025-09-02T17:53:07","modified_gmt":"2025-09-02T16:53:07","slug":"consulting-services","status":"publish","type":"page","link":"https:\/\/innaleitner.com\/de\/consulting-services\/","title":{"rendered":"Leistungen"},"content":{"rendered":"<div class=\"wp-block-uagb-container uagb-block-17cf7870 alignfull uagb-is-root-container\"><div class=\"uagb-container-inner-blocks-wrap\">\n<div class=\"wp-block-uagb-advanced-heading uagb-block-e651b31c\"><h6 class=\"uagb-heading-text\"><strong>Google Ads ausprobiert, aber nicht die Ergebnisse bekommen, die du dir erhofft hast?\nLass uns das \u00e4ndern.<\/strong><\/h6><div class=\"uagb-separator\"><\/div><\/div>\n\n\n\n<div class=\"wp-block-uagb-advanced-heading uagb-block-d4fef571\"><h1 class=\"uagb-heading-text\">Leistungen<\/h1><\/div>\n<\/div><\/div>\n\n\n\n<div class=\"wp-block-uagb-container uagb-block-605e71a2 alignfull uagb-is-root-container\"><div class=\"uagb-container-inner-blocks-wrap\">\n<div class=\"wp-block-uagb-container uagb-block-14942624 alignfull uagb-is-root-container\"><div class=\"uagb-container-inner-blocks-wrap\">\n<div class=\"wp-block-uagb-container uagb-block-eb85f44e\">\n<div class=\"wp-block-uagb-info-box uagb-block-ef554102 uagb-infobox__content-wrap  uagb-infobox-icon-left uagb-infobox-left uagb-infobox-image-valign-top\"><div class=\"uagb-ifb-icon-wrap\"><svg xmlns=\"https:\/\/www.w3.org\/2000\/svg\" viewbox=\"0 0 448 512\"><path d=\"M96 96C42.98 96 0 138.1 0 192s42.98 96 96 96c11.28 0 21.95-2.305 32-5.879V288c0 35.3-28.7 64-64 64c-17.67 0-32 14.33-32 32s14.33 32 32 32c70.58 0 128-57.42 128-128V192C192 138.1 149 96 96 96zM448 192c0-53.02-42.98-96-96-96s-96 42.98-96 96s42.98 96 96 96c11.28 0 21.95-2.305 32-5.879V288c0 35.3-28.7 64-64 64c-17.67 0-32 14.33-32 32s14.33 32 32 32c70.58 0 128-57.42 128-128V192z\"><\/path><\/svg><\/div><div class=\"uagb-ifb-content\"><div class=\"uagb-ifb-title-wrap\"><span class=\"uagb-ifb-title-prefix\">Done-for-you Google Ads<\/span><h6 class=\"uagb-ifb-title\">Ab <strong>2.500 \u20ac\/Monat <\/strong><\/h6><\/div><p class=\"uagb-ifb-desc\">- Betreuung einer Plattform: Google Ads\n(Bonus: Meta Ads Management optional enthalten)<br>- Detailliertes Konto-Audit<br>\u2013 Professionelles Account-Setup (oder Optimierung deines bestehenden Kontos)<br>- Einrichtung und Optimierung des Conversion-Trackings<br>- Kontenoptimierung auf Basis gemeinsam definierter KPIs<br>- Live-Dashboard mit allen wichtigen Leistungskennzahlen<br>- Zweiw\u00f6chentliche Support-Calls<\/p><\/div><\/div>\n<\/div>\n\n\n\n<div class=\"wp-block-uagb-container uagb-block-b9ae2a4f\">\n<div class=\"wp-block-uagb-info-box uagb-block-1a8302f2 uagb-infobox__content-wrap  uagb-infobox-icon-left uagb-infobox-left uagb-infobox-image-valign-top\"><div class=\"uagb-ifb-icon-wrap\"><svg xmlns=\"https:\/\/www.w3.org\/2000\/svg\" viewbox=\"0 0 448 512\"><path d=\"M96 96C42.98 96 0 138.1 0 192s42.98 96 96 96c11.28 0 21.95-2.305 32-5.879V288c0 35.3-28.7 64-64 64c-17.67 0-32 14.33-32 32s14.33 32 32 32c70.58 0 128-57.42 128-128V192C192 138.1 149 96 96 96zM448 192c0-53.02-42.98-96-96-96s-96 42.98-96 96s42.98 96 96 96c11.28 0 21.95-2.305 32-5.879V288c0 35.3-28.7 64-64 64c-17.67 0-32 14.33-32 32s14.33 32 32 32c70.58 0 128-57.42 128-128V192z\"><\/path><\/svg><\/div><div class=\"uagb-ifb-content\"><div class=\"uagb-ifb-title-wrap\"><span class=\"uagb-ifb-title-prefix\">1:1 Strategiegespr\u00e4ch \u2013 pers\u00f6nlich, klar, umsetzbar<\/span><h6 class=\"uagb-ifb-title\"><strong>\u20ac175\/St.<\/strong><br><\/h6><\/div><p class=\"uagb-ifb-desc\"><strong>Ma\u00dfgeschneiderte Betreuung mit Fokus auf deine Bed\u00fcrfnisse:<\/strong>&nbsp;Eine Stunde, um spezifische Google\/Meta-Ads-Probleme zu l\u00f6sen.<br><strong>Expertenanalyse:<\/strong>&nbsp;Live-Analyse deiner laufenden Kampagnen, um St\u00e4rken, Schw\u00e4chen und Chancen aufzuzeigen.<br><strong>Live-Probleml\u00f6sung:<\/strong>&nbsp;Sofortige L\u00f6sungen und umsetzbare Strategien zur \u00dcberwindung von Werbeproblemen.<\/p><\/div><\/div>\n<\/div>\n<\/div><\/div>\n\n\n\n<div class=\"wp-block-uagb-container uagb-block-063f515a alignfull uagb-is-root-container\"><div class=\"uagb-container-inner-blocks-wrap\"><\/div><\/div>\n<\/div><\/div>\n\n\n\n<div class=\"wp-block-uagb-container uagb-block-edfe9546 alignfull uagb-is-root-container\"><div class=\"uagb-container-inner-blocks-wrap\">\n<div class=\"wp-block-uagb-container uagb-block-08a83534 alignfull uagb-is-root-container\"><div class=\"uagb-container-inner-blocks-wrap\">\n<div class=\"wp-block-uagb-container uagb-block-09f67366\">\n<div class=\"wp-block-uagb-info-box uagb-block-e42ade66 uagb-infobox__content-wrap  uagb-infobox-icon-left uagb-infobox-left uagb-infobox-image-valign-top\"><div class=\"uagb-ifb-icon-wrap\"><svg xmlns=\"https:\/\/www.w3.org\/2000\/svg\" viewbox=\"0 0 448 512\"><path d=\"M96 96C42.98 96 0 138.1 0 192s42.98 96 96 96c11.28 0 21.95-2.305 32-5.879V288c0 35.3-28.7 64-64 64c-17.67 0-32 14.33-32 32s14.33 32 32 32c70.58 0 128-57.42 128-128V192C192 138.1 149 96 96 96zM448 192c0-53.02-42.98-96-96-96s-96 42.98-96 96s42.98 96 96 96c11.28 0 21.95-2.305 32-5.879V288c0 35.3-28.7 64-64 64c-17.67 0-32 14.33-32 32s14.33 32 32 32c70.58 0 128-57.42 128-128V192z\"><\/path><\/svg><\/div><div class=\"uagb-ifb-content\"><div class=\"uagb-ifb-title-wrap\"><span class=\"uagb-ifb-title-prefix\"><strong>Strategiepaket: Google Ads<\/strong><\/span><h6 class=\"uagb-ifb-title\"><strong>Preis auf Anfrage<\/strong><\/h6><\/div><p class=\"uagb-ifb-desc\"><strong>Detaillierte Konto-Analyse:<\/strong> Gr\u00fcndliche Analyse deiner aktuellen Kampagnenstruktur, Tracking-Setups, Keyword-Strategie und ROAS-Schwachstellen.<br><strong>Individuelle Strategie-Roadmap:<\/strong> Ein ma\u00dfgeschneiderter Plan mit neuer Kampagnenstruktur, Gebotsstrategie, Targeting-Ansatz, Budgetverteilung und Messkonzept.<br><strong>Loom-Erkl\u00e4rvideos:<\/strong> Du erh\u00e4ltst Bildschirmaufnahmen, in denen ich dir zeige, was genau optimiert werden muss \u2013 und warum.<br><strong>Implementation Feedback Loop:<\/strong> Nachdem du die \u00c4nderungen umgesetzt hast, pr\u00fcfe ich die wichtigsten Punkte und gebe dir Feedback, ob alles korrekt eingerichtet ist.<br><strong>Performance-Playbook:<\/strong> Ein \u00fcbersichtliches Dokument mit den wichtigsten KPIs, Namenskonventionen, Setup-Empfehlungen und Tracking-Hinweisen.<\/p><\/div><\/div>\n<\/div>\n\n\n\n<div class=\"wp-block-uagb-container uagb-block-bb3286c6\">\n<div class=\"wp-block-uagb-info-box uagb-block-2e3bf82c uagb-infobox__content-wrap  uagb-infobox-icon-left uagb-infobox-left uagb-infobox-image-valign-top\"><div class=\"uagb-ifb-icon-wrap\"><svg xmlns=\"https:\/\/www.w3.org\/2000\/svg\" viewbox=\"0 0 448 512\"><path d=\"M96 96C42.98 96 0 138.1 0 192s42.98 96 96 96c11.28 0 21.95-2.305 32-5.879V288c0 35.3-28.7 64-64 64c-17.67 0-32 14.33-32 32s14.33 32 32 32c70.58 0 128-57.42 128-128V192C192 138.1 149 96 96 96zM448 192c0-53.02-42.98-96-96-96s-96 42.98-96 96s42.98 96 96 96c11.28 0 21.95-2.305 32-5.879V288c0 35.3-28.7 64-64 64c-17.67 0-32 14.33-32 32s14.33 32 32 32c70.58 0 128-57.42 128-128V192z\"><\/path><\/svg><\/div><div class=\"uagb-ifb-content\"><div class=\"uagb-ifb-title-wrap\"><span class=\"uagb-ifb-title-prefix\">Full-Funnel Performance Makeover<\/span><h6 class=\"uagb-ifb-title\">Preis auf Anfrage<\/h6><\/div><p class=\"uagb-ifb-desc\">Dieses Angebot ist eine umfassende strategische und strukturelle \u00dcberarbeitung f\u00fcr Brands mit \u00fcber 100.000\u202f\u20ac monatlichem Google Ads Budget \u2013 bei denen der gew\u00fcnschte Erfolg ausbleibt.<br><strong>Was enthalten ist:<\/strong><br>\u2013 Umfassender Audit von Kontostruktur, Tracking, Bidding und Erfolgsmessung<br>\u2013 Individuelles Kampagnensystem (Namenskonventionen, Struktur, Bidding-Strategie)<br>\u2013 Budget- und ROAS-Modellierung basierend auf Funnel-Phasen und Margen<br>\u2013 Tracking-Setup und GA4-Logik f\u00fcr saubere Attribution<br>\u2013 Klarer Rollout-Plan f\u00fcr dein Team oder deine Agentur zur Umsetzung<br><\/p><\/div><\/div>\n<\/div>\n<\/div><\/div>\n\n\n\n<div class=\"wp-block-uagb-container uagb-block-7e1813d9 alignfull uagb-is-root-container\"><div class=\"uagb-container-inner-blocks-wrap\"><\/div><\/div>\n<\/div><\/div>\n\n\n\n<p><\/p>","protected":false},"excerpt":{"rendered":"<p>Tried running Google Ads but not getting the results you hoped for? Let\u2019s change that. Services<\/p>","protected":false},"author":1,"featured_media":0,"parent":0,"menu_order":0,"comment_status":"closed","ping_status":"closed","template":"","meta":{"_uag_custom_page_level_css":"","site-sidebar-layout":"no-sidebar","site-content-layout":"plain-container","ast-site-content-layout":"normal-width-container","site-content-style":"unboxed","site-sidebar-style":"unboxed","ast-global-header-display":"","ast-banner-title-visibility":"","ast-main-header-display":"","ast-hfb-above-header-display":"","ast-hfb-below-header-display":"","ast-hfb-mobile-header-display":"","site-post-title":"disabled","ast-breadcrumbs-content":"","ast-featured-img":"disabled","footer-sml-layout":"","ast-disable-related-posts":"","theme-transparent-header-meta":"enabled","adv-header-id-meta":"","stick-header-meta":"","header-above-stick-meta":"","header-main-stick-meta":"","header-below-stick-meta":"","astra-migrate-meta-layouts":"set","ast-page-background-enabled":"default","ast-page-background-meta":{"desktop":{"background-color":"","background-image":"","background-repeat":"repeat","background-position":"center center","background-size":"auto","background-attachment":"scroll","background-type":"","background-media":"","overlay-type":"","overlay-color":"","overlay-opacity":"","overlay-gradient":""},"tablet":{"background-color":"","background-image":"","background-repeat":"repeat","background-position":"center center","background-size":"auto","background-attachment":"scroll","background-type":"","background-media":"","overlay-type":"","overlay-color":"","overlay-opacity":"","overlay-gradient":""},"mobile":{"background-color":"","background-image":"","background-repeat":"repeat","background-position":"center center","background-size":"auto","background-attachment":"scroll","background-type":"","background-media":"","overlay-type":"","overlay-color":"","overlay-opacity":"","overlay-gradient":""}},"ast-content-background-meta":{"desktop":{"background-color":"var(--ast-global-color-5)","background-image":"","background-repeat":"repeat","background-position":"center center","background-size":"auto","background-attachment":"scroll","background-type":"","background-media":"","overlay-type":"","overlay-color":"","overlay-opacity":"","overlay-gradient":""},"tablet":{"background-color":"var(--ast-global-color-5)","background-image":"","background-repeat":"repeat","background-position":"center center","background-size":"auto","background-attachment":"scroll","background-type":"","background-media":"","overlay-type":"","overlay-color":"","overlay-opacity":"","overlay-gradient":""},"mobile":{"background-color":"var(--ast-global-color-5)","background-image":"","background-repeat":"repeat","background-position":"center center","background-size":"auto","background-attachment":"scroll","background-type":"","background-media":"","overlay-type":"","overlay-color":"","overlay-opacity":"","overlay-gradient":""}},"footnotes":""},"class_list":["post-25249","page","type-page","status-publish","hentry"],"uagb_featured_image_src":{"full":false,"thumbnail":false,"medium":false,"medium_large":false,"large":false,"1536x1536":false,"2048x2048":false,"trp-custom-language-flag":false},"uagb_author_info":{"display_name":"innaleitner","author_link":"https:\/\/innaleitner.com\/de\/author\/innappc\/"},"uagb_comment_info":0,"uagb_excerpt":"Tried running Google Ads but not getting the results you hoped for? Let\u2019s change that. Services","_links":{"self":[{"href":"https:\/\/innaleitner.com\/de\/wp-json\/wp\/v2\/pages\/25249","targetHints":{"allow":["GET"]}}],"collection":[{"href":"https:\/\/innaleitner.com\/de\/wp-json\/wp\/v2\/pages"}],"about":[{"href":"https:\/\/innaleitner.com\/de\/wp-json\/wp\/v2\/types\/page"}],"author":[{"embeddable":true,"href":"https:\/\/innaleitner.com\/de\/wp-json\/wp\/v2\/users\/1"}],"replies":[{"embeddable":true,"href":"https:\/\/innaleitner.com\/de\/wp-json\/wp\/v2\/comments?post=25249"}],"version-history":[{"count":0,"href":"https:\/\/innaleitner.com\/de\/wp-json\/wp\/v2\/pages\/25249\/revisions"}],"wp:attachment":[{"href":"https:\/\/innaleitner.com\/de\/wp-json\/wp\/v2\/media?parent=25249"}],"curies":[{"name":"wp","href":"https:\/\/api.w.org\/{rel}","templated":true}]}}